{"id":1707,"date":"2017-11-22T10:53:26","date_gmt":"2017-11-22T08:53:26","guid":{"rendered":"https:\/\/tvh.ee\/?page_id=1707"},"modified":"2025-12-08T11:11:04","modified_gmt":"2025-12-08T09:11:04","slug":"ainuosaniku-otsused","status":"publish","type":"page","link":"https:\/\/tvh.ee\/et\/ainuosaniku-otsused\/","title":{"rendered":"Ainuosaniku otsused"},"content":{"rendered":"<div class=\"wpb-content-wrapper\"><p>[vc_row css=&#8221;.vc_custom_1511346989950{margin-bottom: 20% !important;}&#8221;][vc_column]<h1 class='heading-left  divider-sm' ><span>AINUOSANIKU OTSUSED<\/span><\/h1>[vc_empty_space][vc_column_text css=&#8221;&#8221;]<\/p>\n<ul>\n<li><a href=\"https:\/\/tvh.ee\/wp-content\/uploads\/2025\/12\/ainuosaniku-otsus-02-12-2025-audiitori-nimetamine.pdf\" target=\"_blank\" rel=\"noopener\">Ainuosaniku otsus 02.12.2025 (Audiitori nimetamine)<\/a><\/li>\n<li><a href=\"https:\/\/tvh.ee\/wp-content\/uploads\/2025\/07\/ainuosaniku-13-06-2025-otsus-2024-majandusaasta-aruande-kinnitamine.pdf\" target=\"_blank\" rel=\"noopener\">Ainuosaniku otsus 13.06.2025 (2024. majandusaasta aruande kinnitamine)<\/a><\/li>\n<li><a href=\"https:\/\/tvh.ee\/wp-content\/uploads\/2025\/07\/korralise-uldkoosoleku-protokoll-28-05-2025.pdf\" target=\"_blank\" rel=\"noopener\">Korralise \u00fcldkoosoleku protokoll 28.05.2025<\/a><\/li>\n<li><a href=\"https:\/\/tvh.ee\/wp-content\/uploads\/2025\/04\/ainuosaniku-otsus-23-04-2025-noukogu-liikme-volituste-pikendamine.pdf\" target=\"_blank\" rel=\"noopener\">Ainuosaniku otsus 23.04.2025 (N\u00f5ukogu liikme volituste pikendamine)<\/a><\/li>\n<li><a href=\"https:\/\/tvh.ee\/wp-content\/uploads\/2024\/11\/ou-transpordi-varahaldus-ainuosaniku-20-11-2024-otsus-omaniku-ootuste-kinnitamine.pdf\" target=\"_blank\" rel=\"noopener\">Ainuosaniku otsus 20.11.2024 (Omaniku ootuste kinnitamine)<\/a><\/li>\n<li><a href=\"https:\/\/tvh.ee\/wp-content\/uploads\/2024\/07\/korralise-uldkoosoleku-protokoll-25-06-2024.pdf\" target=\"_blank\" rel=\"noopener\">Korralise \u00fcldkoosoleku protokoll 25.06.2024<\/a><\/li>\n<li><a href=\"https:\/\/tvh.ee\/wp-content\/uploads\/2024\/06\/ou-transpordi-varahaldus-ainuosaniku-27-05-2024-otsus-omaniku-ootuste-kinnitamine.pdf\" target=\"_blank\" rel=\"noopener\">Ainuosaniku otsus 27.05.2024 (Omaniku ootuste kinnitamine)<\/a><\/li>\n<li><a href=\"https:\/\/tvh.ee\/wp-content\/uploads\/2024\/05\/ainuosaniku-otsus-07-05-2024-noukogu-liikmete-volituste-pikendamine-ja-noukogu-liikmetele-makstava-tasu-maaramine.pdf\" target=\"_blank\" rel=\"noopener\">Ainuosaniku otsus 07.05.2024 (n\u00f5ukogu liikmete volituste pikendamine ja n\u00f5ukogu liikmetele makstava tasu m\u00e4\u00e4ramine)<\/a><\/li>\n<li><a href=\"https:\/\/tvh.ee\/wp-content\/uploads\/2024\/01\/ainuosaniku-otsus-16-01-2024-audiitori-nimetamine-ja-audiitori-tasustamise-korra-maaramine.pdf\" target=\"_blank\" rel=\"noopener\">Ainuosaniku otsus 16.01.2024 (Audiitori nimetamine ja audiitori tasustamise korra m\u00e4\u00e4ramine)<\/a><\/li>\n<li><a href=\"https:\/\/tvh.ee\/wp-content\/uploads\/2023\/07\/korralise-uldkoosoleku-protokoll-22-06-2023.pdf\" target=\"_blank\" rel=\"noopener\">Korralise \u00fcldkoosoleku protokoll 22.06.2023<\/a><\/li>\n<li><a href=\"https:\/\/tvh.ee\/wp-content\/uploads\/2023\/03\/ainuosaniku-otsus-21-03-2023-noukogu-liikme-volituste-pikendamine-ja-noukogu-esimehe-valimine.pdf\" target=\"_blank\" rel=\"noopener\">Ainuosaniku otsus 21.03.2023 (N\u00f5ukogu liikme volituste pikendamine ja n\u00f5ukogu esimehe valimine)<\/a><\/li>\n<li><a href=\"https:\/\/tvh.ee\/wp-content\/uploads\/2022\/09\/ainuosaniku-otsus-09-06-2022-pohikirja-kinnitamine-uues-redaktsioonis.pdf\" target=\"_blank\" rel=\"noopener\">Ainuosaniku otsus 09.06.2022 (p\u00f5hikirja kinnitamine uues redaktsioonis)<\/a><\/li>\n<li><a href=\"https:\/\/tvh.ee\/wp-content\/uploads\/2022\/09\/korralise-uldkoosoleku-protokoll-22-04-2022.pdf\" target=\"_blank\" rel=\"noopener\">Korralise \u00fcldkoosoleku protokoll 22.04.2022<\/a><\/li>\n<li><a href=\"https:\/\/tvh.ee\/wp-content\/uploads\/2021\/05\/OU-Transpordi-Varahaldus-noukogu-koosseisu-muudatus.pdf\" target=\"_blank\" rel=\"noopener\">Ainuosaniku otsus 04.05.2021 (N\u00f5ukogu liikmete tagasikutsumine ja uute n\u00f5ukogu liikmete nimetamine)<\/a><\/li>\n<li><a href=\"https:\/\/tvh.ee\/wp-content\/uploads\/2022\/09\/ainuosaniku-30-04-2021-otsus-2020-majandusaasta-aruande-kinnitamine.pdf\" target=\"_blank\" rel=\"noopener\">Ainuosaniku otsus 30.04.2021 (2020. majandusaasta aruande kinnitamine)<\/a><\/li>\n<li><a href=\"https:\/\/tvh.ee\/wp-content\/uploads\/2021\/02\/OU-Transpordi-Varahaldus-audiitori-nimetamine.pdf\" target=\"_blank\" rel=\"noopener\">Ainuosaniku otsus 26.01.2021 (Audiitori nimetamine 2020-2022)<\/a><\/li>\n<li><a href=\"https:\/\/tvh.ee\/wp-content\/uploads\/2020\/11\/ainuosaniku-04-05-2020-otsus-2019-majandusaasta-aruande-kinnitamine.pdf\" target=\"_blank\" rel=\"noopener noreferrer\">Ainuosaniku otsus <\/a><a href=\"https:\/\/tvh.ee\/wp-content\/uploads\/2020\/11\/ainuosaniku-04-05-2020-otsus-2019-majandusaasta-aruande-kinnitamine.pdf\" target=\"_blank\" rel=\"noopener noreferrer\">04.05.2020<\/a><a href=\"https:\/\/tvh.ee\/wp-content\/uploads\/2020\/11\/ainuosaniku-04-05-2020-otsus-2019-majandusaasta-aruande-kinnitamine.pdf\" target=\"_blank\" rel=\"noopener noreferrer\"> (2019. Majandusaasta aruande kinnitamine)<\/a><\/li>\n<li><a href=\"https:\/\/tvh.ee\/wp-content\/uploads\/2020\/04\/Ainuosaniku-otsus-24-04-2020-Noukogu-liikmete-nimetamine.pdf\" target=\"_blank\" rel=\"noopener noreferrer\">Ainuosaniku otsus 24.04.2020 (N\u00f5ukogu liikmete nimetamine)<\/a><\/li>\n<li><a href=\"https:\/\/tvh.ee\/wp-content\/uploads\/2019\/06\/korralise-uldkoosoleku-protokoll-15.05.2019.pdf\" target=\"_blank\" rel=\"noopener noreferrer\">Korralise \u00fcldkoosoleku protokoll 15.05.2019<\/a><\/li>\n<li><a href=\"https:\/\/tvh.ee\/wp-content\/uploads\/2018\/08\/TVH-u\u0308ldkoosoleku-protokoll-2018-05-30.pdf\" target=\"_blank\" rel=\"noopener noreferrer\">Korralise \u00fcldkoosoleku protokoll 30.05.2018<\/a><\/li>\n<li><a href=\"https:\/\/tvh.ee\/wp-content\/uploads\/2017\/12\/OU\u0308-Transpordi-Varahaldus-audiitori-nimetamine.pdf\" target=\"_blank\" rel=\"noopener noreferrer\">Ainuosaniku otsus 28.11.2017 (Audiitori nimetamine 2017-2019)<\/a><\/li>\n<li><a href=\"https:\/\/tvh.ee\/wp-content\/uploads\/2017\/11\/TVH-omaniku-ootused-2017-koond.pdf\" target=\"_blank\" rel=\"noopener noreferrer\">Ainuosaniku otsus\u00a0<\/a><a href=\"https:\/\/tvh.ee\/wp-content\/uploads\/2017\/11\/TVH-omaniku-ootused-2017-koond.pdf\" target=\"_blank\" rel=\"noopener noreferrer\">16.06.2017<\/a><a href=\"https:\/\/tvh.ee\/wp-content\/uploads\/2017\/11\/TVH-omaniku-ootused-2017-koond.pdf\" target=\"_blank\" rel=\"noopener noreferrer\"> (Omaniku ootused osa\u00fchingule Transpordi Varahaldus)<\/a><\/li>\n<li><a href=\"https:\/\/tvh.ee\/wp-content\/uploads\/2017\/11\/TVH-korralise-osanike-u\u0308ldkoosoleku-protokoll-2017-05-25.pdf\" target=\"_blank\" rel=\"noopener noreferrer\">Korralise \u00fcldkoosoleku protokoll 25.05.2017<\/a><\/li>\n<li><a href=\"https:\/\/tvh.ee\/wp-content\/uploads\/2017\/11\/OU\u0308-Transpordi-Varahaldus-no\u0303ukogu-koosseisu-muudatus.pdf\" target=\"_blank\" rel=\"noopener noreferrer\">Ainuosaniku otsus 02.05.2017 (N\u00f5ukogu liikmete tagasikutsumine ja uute n\u00f5ukogu liikmete nimetamine)<\/a><\/li>\n<li><a href=\"https:\/\/tvh.ee\/wp-content\/uploads\/2017\/11\/20170202-TVH-ainuosaniku-otsus-2016-audiitor.pdf\" target=\"_blank\" rel=\"noopener noreferrer\">Ainuosaniku otsus 02.02.2017 (Audiitori nimetamine ja audiitori tasu m\u00e4\u00e4ramine)<\/a><\/li>\n<li><a href=\"https:\/\/tvh.ee\/wp-content\/uploads\/2018\/06\/TVH-omaniku-ootused-2016-koond.pdf\">Ainuosaniku otsus 18.11.2016 (Omaniku ootused osa\u00fchingule Transpordi Varahaldus)<\/a><\/li>\n<li><a href=\"https:\/\/tvh.ee\/wp-content\/uploads\/2017\/12\/Ainuosaniku-otsus-korruptsiooniohtu-ennetavate-meetmete-rakendamisest-26-05-2016.pdf\" target=\"_blank\" rel=\"noopener noreferrer\">Ainuosaniku otsus 26.10.2016 (Korruptsiooniohtu ennetavate meetmete rakendamine)<\/a><\/li>\n<li><a href=\"https:\/\/tvh.ee\/wp-content\/uploads\/2017\/11\/20160520-TVH-ainuosaniku-otsus-no\u0303ukogusse-K.Raag_.pdf\" target=\"_blank\" rel=\"noopener noreferrer\">Ainuosaniku otsus 20.05.2016 (N\u00f5ukogu liikme tagasikutsumine ja uue n\u00f5ukogu liikme nimetamine)<\/a><\/li>\n<li><a href=\"https:\/\/tvh.ee\/wp-content\/uploads\/2017\/11\/20151022-TVH-no\u0303ukogu-liikmete-tasud.pdf\" target=\"_blank\" rel=\"noopener noreferrer\">Ainuosaniku otsus 22.10.2015 (N\u00f5ukogu liikmetele tasu m\u00e4\u00e4ramine)<\/a><\/li>\n<li><a href=\"https:\/\/tvh.ee\/wp-content\/uploads\/2017\/12\/OU\u0308-Transpordi-Varahaldus-asutamisotsus-2015-09-30.pdf\" target=\"_blank\" rel=\"noopener noreferrer\">OU\u0308 Transpordi Varahaldus asutamisotsus 30.09.2015<\/a><\/li>\n<\/ul>\n<p>[\/vc_column_text][\/vc_column][\/vc_row]<\/p>\n<\/div>","protected":false},"excerpt":{"rendered":"<p>[vc_row css=&#8221;.vc_custom_1511346989950{margin-bottom: 20% !important;}&#8221;][vc_column][vc_empty_space][vc_column_text css=&#8221;&#8221;] Ainuosaniku otsus 02.12.2025 (Audiitori nimetamine) Ainuosaniku otsus 13.06.2025 (2024. majandusaasta aruande kinnitamine) Korralise \u00fcldkoosoleku protokoll 28.05.2025 Ainuosaniku otsus 23.04.2025 (N\u00f5ukogu liikme volituste pikendamine) Ainuosaniku otsus 20.11.2024 (Omaniku ootuste kinnitamine) Korralise \u00fcldkoosoleku protokoll 25.06.2024 Ainuosaniku otsus&#8230;<\/p>\n","protected":false},"author":1,"featured_media":0,"parent":0,"menu_order":0,"comment_status":"closed","ping_status":"closed","template":"","meta":{"footnotes":""},"class_list":["post-1707","page","type-page","status-publish","hentry"],"yoast_head":"<!-- This site is optimized with the Yoast SEO plugin v27.3 - https:\/\/yoast.com\/product\/yoast-seo-wordpress\/ -->\n<title>Ainuosaniku otsused - Transpordi Varahaldus<\/title>\n<meta name=\"robots\" content=\"index, follow, max-snippet:-1, max-image-preview:large, max-video-preview:-1\" \/>\n<link rel=\"canonical\" href=\"https:\/\/tvh.ee\/et\/ainuosaniku-otsused\/\" \/>\n<meta property=\"og:locale\" content=\"et_EE\" \/>\n<meta property=\"og:type\" content=\"article\" \/>\n<meta property=\"og:title\" content=\"Ainuosaniku otsused - Transpordi Varahaldus\" \/>\n<meta property=\"og:description\" content=\"[vc_row css=&#8221;.vc_custom_1511346989950{margin-bottom: 20% !important;}&#8221;][vc_column][vc_empty_space][vc_column_text css=&#8221;&#8221;] Ainuosaniku otsus 02.12.2025 (Audiitori nimetamine) Ainuosaniku otsus 13.06.2025 (2024. majandusaasta aruande kinnitamine) Korralise \u00fcldkoosoleku protokoll 28.05.2025 Ainuosaniku otsus 23.04.2025 (N\u00f5ukogu liikme volituste pikendamine) Ainuosaniku otsus 20.11.2024 (Omaniku ootuste kinnitamine) Korralise \u00fcldkoosoleku protokoll 25.06.2024 Ainuosaniku otsus...\" \/>\n<meta property=\"og:url\" content=\"https:\/\/tvh.ee\/et\/ainuosaniku-otsused\/\" \/>\n<meta property=\"og:site_name\" content=\"Transpordi Varahaldus\" \/>\n<meta property=\"article:modified_time\" content=\"2025-12-08T09:11:04+00:00\" \/>\n<meta name=\"twitter:card\" content=\"summary_large_image\" \/>\n<meta name=\"twitter:label1\" content=\"Est. reading time\" \/>\n\t<meta name=\"twitter:data1\" content=\"2 minutes\" \/>\n<script type=\"application\/ld+json\" class=\"yoast-schema-graph\">{\"@context\":\"https:\\\/\\\/schema.org\",\"@graph\":[{\"@type\":\"WebPage\",\"@id\":\"https:\\\/\\\/tvh.ee\\\/et\\\/ainuosaniku-otsused\\\/\",\"url\":\"https:\\\/\\\/tvh.ee\\\/et\\\/ainuosaniku-otsused\\\/\",\"name\":\"Ainuosaniku otsused - Transpordi Varahaldus\",\"isPartOf\":{\"@id\":\"https:\\\/\\\/tvh.ee\\\/et\\\/#website\"},\"datePublished\":\"2017-11-22T08:53:26+00:00\",\"dateModified\":\"2025-12-08T09:11:04+00:00\",\"breadcrumb\":{\"@id\":\"https:\\\/\\\/tvh.ee\\\/et\\\/ainuosaniku-otsused\\\/#breadcrumb\"},\"inLanguage\":\"et-EE\",\"potentialAction\":[{\"@type\":\"ReadAction\",\"target\":[\"https:\\\/\\\/tvh.ee\\\/et\\\/ainuosaniku-otsused\\\/\"]}]},{\"@type\":\"BreadcrumbList\",\"@id\":\"https:\\\/\\\/tvh.ee\\\/et\\\/ainuosaniku-otsused\\\/#breadcrumb\",\"itemListElement\":[{\"@type\":\"ListItem\",\"position\":1,\"name\":\"Home\",\"item\":\"https:\\\/\\\/tvh.ee\\\/et\\\/\"},{\"@type\":\"ListItem\",\"position\":2,\"name\":\"Ainuosaniku otsused\"}]},{\"@type\":\"WebSite\",\"@id\":\"https:\\\/\\\/tvh.ee\\\/et\\\/#website\",\"url\":\"https:\\\/\\\/tvh.ee\\\/et\\\/\",\"name\":\"Transpordi Varahaldus\",\"description\":\"\",\"potentialAction\":[{\"@type\":\"SearchAction\",\"target\":{\"@type\":\"EntryPoint\",\"urlTemplate\":\"https:\\\/\\\/tvh.ee\\\/et\\\/?s={search_term_string}\"},\"query-input\":{\"@type\":\"PropertyValueSpecification\",\"valueRequired\":true,\"valueName\":\"search_term_string\"}}],\"inLanguage\":\"et-EE\"}]}<\/script>\n<!-- \/ Yoast SEO plugin. -->","yoast_head_json":{"title":"Ainuosaniku otsused - Transpordi Varahaldus","robots":{"index":"index","follow":"follow","max-snippet":"max-snippet:-1","max-image-preview":"max-image-preview:large","max-video-preview":"max-video-preview:-1"},"canonical":"https:\/\/tvh.ee\/et\/ainuosaniku-otsused\/","og_locale":"et_EE","og_type":"article","og_title":"Ainuosaniku otsused - Transpordi Varahaldus","og_description":"[vc_row css=&#8221;.vc_custom_1511346989950{margin-bottom: 20% !important;}&#8221;][vc_column][vc_empty_space][vc_column_text css=&#8221;&#8221;] Ainuosaniku otsus 02.12.2025 (Audiitori nimetamine) Ainuosaniku otsus 13.06.2025 (2024. majandusaasta aruande kinnitamine) Korralise \u00fcldkoosoleku protokoll 28.05.2025 Ainuosaniku otsus 23.04.2025 (N\u00f5ukogu liikme volituste pikendamine) Ainuosaniku otsus 20.11.2024 (Omaniku ootuste kinnitamine) Korralise \u00fcldkoosoleku protokoll 25.06.2024 Ainuosaniku otsus...","og_url":"https:\/\/tvh.ee\/et\/ainuosaniku-otsused\/","og_site_name":"Transpordi Varahaldus","article_modified_time":"2025-12-08T09:11:04+00:00","twitter_card":"summary_large_image","twitter_misc":{"Est. reading time":"2 minutes"},"schema":{"@context":"https:\/\/schema.org","@graph":[{"@type":"WebPage","@id":"https:\/\/tvh.ee\/et\/ainuosaniku-otsused\/","url":"https:\/\/tvh.ee\/et\/ainuosaniku-otsused\/","name":"Ainuosaniku otsused - Transpordi Varahaldus","isPartOf":{"@id":"https:\/\/tvh.ee\/et\/#website"},"datePublished":"2017-11-22T08:53:26+00:00","dateModified":"2025-12-08T09:11:04+00:00","breadcrumb":{"@id":"https:\/\/tvh.ee\/et\/ainuosaniku-otsused\/#breadcrumb"},"inLanguage":"et-EE","potentialAction":[{"@type":"ReadAction","target":["https:\/\/tvh.ee\/et\/ainuosaniku-otsused\/"]}]},{"@type":"BreadcrumbList","@id":"https:\/\/tvh.ee\/et\/ainuosaniku-otsused\/#breadcrumb","itemListElement":[{"@type":"ListItem","position":1,"name":"Home","item":"https:\/\/tvh.ee\/et\/"},{"@type":"ListItem","position":2,"name":"Ainuosaniku otsused"}]},{"@type":"WebSite","@id":"https:\/\/tvh.ee\/et\/#website","url":"https:\/\/tvh.ee\/et\/","name":"Transpordi Varahaldus","description":"","potentialAction":[{"@type":"SearchAction","target":{"@type":"EntryPoint","urlTemplate":"https:\/\/tvh.ee\/et\/?s={search_term_string}"},"query-input":{"@type":"PropertyValueSpecification","valueRequired":true,"valueName":"search_term_string"}}],"inLanguage":"et-EE"}]}},"_links":{"self":[{"href":"https:\/\/tvh.ee\/et\/wp-json\/wp\/v2\/pages\/1707","targetHints":{"allow":["GET"]}}],"collection":[{"href":"https:\/\/tvh.ee\/et\/wp-json\/wp\/v2\/pages"}],"about":[{"href":"https:\/\/tvh.ee\/et\/wp-json\/wp\/v2\/types\/page"}],"author":[{"embeddable":true,"href":"https:\/\/tvh.ee\/et\/wp-json\/wp\/v2\/users\/1"}],"replies":[{"embeddable":true,"href":"https:\/\/tvh.ee\/et\/wp-json\/wp\/v2\/comments?post=1707"}],"version-history":[{"count":44,"href":"https:\/\/tvh.ee\/et\/wp-json\/wp\/v2\/pages\/1707\/revisions"}],"predecessor-version":[{"id":2740,"href":"https:\/\/tvh.ee\/et\/wp-json\/wp\/v2\/pages\/1707\/revisions\/2740"}],"wp:attachment":[{"href":"https:\/\/tvh.ee\/et\/wp-json\/wp\/v2\/media?parent=1707"}],"curies":[{"name":"wp","href":"https:\/\/api.w.org\/{rel}","templated":true}]}}