{"id":1589,"date":"2017-11-20T13:47:58","date_gmt":"2017-11-20T11:47:58","guid":{"rendered":"https:\/\/tvh.ee\/?page_id=1589"},"modified":"2023-12-11T13:33:48","modified_gmt":"2023-12-11T11:33:48","slug":"juhendid","status":"publish","type":"page","link":"https:\/\/tvh.ee\/et\/juhendid\/","title":{"rendered":"Juhendid"},"content":{"rendered":"<div class=\"wpb-content-wrapper\"><p>[vc_row css=&#8221;.vc_custom_1511346975067{margin-bottom: 20% !important;}&#8221;][vc_column]<h1 class='heading-left  divider-sm' ><span>JUHENDID<\/span><\/h1>[vc_empty_space][vc_column_text]<\/p>\n<ul>\n<li><a href=\"https:\/\/tvh.ee\/wp-content\/uploads\/2018\/03\/Korruptsiooniohtu-ennetavate-meetmete-rakendamise-kord-II-TVH-2017-12-20.pdf\">Korruptsiooniohtu ennetavate meetmete rakendamise kord<\/a><\/li>\n<li><a href=\"https:\/\/tvh.ee\/wp-content\/uploads\/2018\/08\/TVH-siseauditi-pohimaarus-2018.pdf\" target=\"_blank\" rel=\"noopener noreferrer\">Siseauditi p\u00f5him\u00e4\u00e4rus<\/a><\/li>\n<\/ul>\n<p>[\/vc_column_text][\/vc_column][\/vc_row]<\/p>\n<\/div>","protected":false},"excerpt":{"rendered":"<p>[vc_row css=&#8221;.vc_custom_1511346975067{margin-bottom: 20% !important;}&#8221;][vc_column][vc_empty_space][vc_column_text] Korruptsiooniohtu ennetavate meetmete rakendamise kord Siseauditi p\u00f5him\u00e4\u00e4rus [\/vc_column_text][\/vc_column][\/vc_row]<\/p>\n","protected":false},"author":1,"featured_media":0,"parent":0,"menu_order":0,"comment_status":"closed","ping_status":"open","template":"","meta":{"footnotes":""},"class_list":["post-1589","page","type-page","status-publish","hentry"],"yoast_head":"<!-- This site is optimized with the Yoast SEO plugin v27.3 - https:\/\/yoast.com\/product\/yoast-seo-wordpress\/ -->\n<title>Juhendid - Transpordi Varahaldus<\/title>\n<meta name=\"robots\" content=\"index, follow, max-snippet:-1, max-image-preview:large, max-video-preview:-1\" \/>\n<link rel=\"canonical\" href=\"https:\/\/tvh.ee\/et\/juhendid\/\" \/>\n<meta property=\"og:locale\" content=\"et_EE\" \/>\n<meta property=\"og:type\" content=\"article\" \/>\n<meta property=\"og:title\" content=\"Juhendid - Transpordi Varahaldus\" \/>\n<meta property=\"og:description\" content=\"[vc_row css=&#8221;.vc_custom_1511346975067{margin-bottom: 20% !important;}&#8221;][vc_column][vc_empty_space][vc_column_text] Korruptsiooniohtu ennetavate meetmete rakendamise kord Siseauditi p\u00f5him\u00e4\u00e4rus [\/vc_column_text][\/vc_column][\/vc_row]\" \/>\n<meta property=\"og:url\" content=\"https:\/\/tvh.ee\/et\/juhendid\/\" \/>\n<meta property=\"og:site_name\" content=\"Transpordi Varahaldus\" \/>\n<meta property=\"article:modified_time\" content=\"2023-12-11T11:33:48+00:00\" \/>\n<meta name=\"twitter:card\" content=\"summary_large_image\" \/>\n<script type=\"application\/ld+json\" class=\"yoast-schema-graph\">{\"@context\":\"https:\\\/\\\/schema.org\",\"@graph\":[{\"@type\":\"WebPage\",\"@id\":\"https:\\\/\\\/tvh.ee\\\/et\\\/juhendid\\\/\",\"url\":\"https:\\\/\\\/tvh.ee\\\/et\\\/juhendid\\\/\",\"name\":\"Juhendid - Transpordi Varahaldus\",\"isPartOf\":{\"@id\":\"https:\\\/\\\/tvh.ee\\\/et\\\/#website\"},\"datePublished\":\"2017-11-20T11:47:58+00:00\",\"dateModified\":\"2023-12-11T11:33:48+00:00\",\"breadcrumb\":{\"@id\":\"https:\\\/\\\/tvh.ee\\\/et\\\/juhendid\\\/#breadcrumb\"},\"inLanguage\":\"et-EE\",\"potentialAction\":[{\"@type\":\"ReadAction\",\"target\":[\"https:\\\/\\\/tvh.ee\\\/et\\\/juhendid\\\/\"]}]},{\"@type\":\"BreadcrumbList\",\"@id\":\"https:\\\/\\\/tvh.ee\\\/et\\\/juhendid\\\/#breadcrumb\",\"itemListElement\":[{\"@type\":\"ListItem\",\"position\":1,\"name\":\"Home\",\"item\":\"https:\\\/\\\/tvh.ee\\\/et\\\/\"},{\"@type\":\"ListItem\",\"position\":2,\"name\":\"Juhendid\"}]},{\"@type\":\"WebSite\",\"@id\":\"https:\\\/\\\/tvh.ee\\\/et\\\/#website\",\"url\":\"https:\\\/\\\/tvh.ee\\\/et\\\/\",\"name\":\"Transpordi Varahaldus\",\"description\":\"\",\"potentialAction\":[{\"@type\":\"SearchAction\",\"target\":{\"@type\":\"EntryPoint\",\"urlTemplate\":\"https:\\\/\\\/tvh.ee\\\/et\\\/?s={search_term_string}\"},\"query-input\":{\"@type\":\"PropertyValueSpecification\",\"valueRequired\":true,\"valueName\":\"search_term_string\"}}],\"inLanguage\":\"et-EE\"}]}<\/script>\n<!-- \/ Yoast SEO plugin. -->","yoast_head_json":{"title":"Juhendid - Transpordi Varahaldus","robots":{"index":"index","follow":"follow","max-snippet":"max-snippet:-1","max-image-preview":"max-image-preview:large","max-video-preview":"max-video-preview:-1"},"canonical":"https:\/\/tvh.ee\/et\/juhendid\/","og_locale":"et_EE","og_type":"article","og_title":"Juhendid - Transpordi Varahaldus","og_description":"[vc_row css=&#8221;.vc_custom_1511346975067{margin-bottom: 20% !important;}&#8221;][vc_column][vc_empty_space][vc_column_text] Korruptsiooniohtu ennetavate meetmete rakendamise kord Siseauditi p\u00f5him\u00e4\u00e4rus [\/vc_column_text][\/vc_column][\/vc_row]","og_url":"https:\/\/tvh.ee\/et\/juhendid\/","og_site_name":"Transpordi Varahaldus","article_modified_time":"2023-12-11T11:33:48+00:00","twitter_card":"summary_large_image","schema":{"@context":"https:\/\/schema.org","@graph":[{"@type":"WebPage","@id":"https:\/\/tvh.ee\/et\/juhendid\/","url":"https:\/\/tvh.ee\/et\/juhendid\/","name":"Juhendid - Transpordi Varahaldus","isPartOf":{"@id":"https:\/\/tvh.ee\/et\/#website"},"datePublished":"2017-11-20T11:47:58+00:00","dateModified":"2023-12-11T11:33:48+00:00","breadcrumb":{"@id":"https:\/\/tvh.ee\/et\/juhendid\/#breadcrumb"},"inLanguage":"et-EE","potentialAction":[{"@type":"ReadAction","target":["https:\/\/tvh.ee\/et\/juhendid\/"]}]},{"@type":"BreadcrumbList","@id":"https:\/\/tvh.ee\/et\/juhendid\/#breadcrumb","itemListElement":[{"@type":"ListItem","position":1,"name":"Home","item":"https:\/\/tvh.ee\/et\/"},{"@type":"ListItem","position":2,"name":"Juhendid"}]},{"@type":"WebSite","@id":"https:\/\/tvh.ee\/et\/#website","url":"https:\/\/tvh.ee\/et\/","name":"Transpordi Varahaldus","description":"","potentialAction":[{"@type":"SearchAction","target":{"@type":"EntryPoint","urlTemplate":"https:\/\/tvh.ee\/et\/?s={search_term_string}"},"query-input":{"@type":"PropertyValueSpecification","valueRequired":true,"valueName":"search_term_string"}}],"inLanguage":"et-EE"}]}},"_links":{"self":[{"href":"https:\/\/tvh.ee\/et\/wp-json\/wp\/v2\/pages\/1589","targetHints":{"allow":["GET"]}}],"collection":[{"href":"https:\/\/tvh.ee\/et\/wp-json\/wp\/v2\/pages"}],"about":[{"href":"https:\/\/tvh.ee\/et\/wp-json\/wp\/v2\/types\/page"}],"author":[{"embeddable":true,"href":"https:\/\/tvh.ee\/et\/wp-json\/wp\/v2\/users\/1"}],"replies":[{"embeddable":true,"href":"https:\/\/tvh.ee\/et\/wp-json\/wp\/v2\/comments?post=1589"}],"version-history":[{"count":10,"href":"https:\/\/tvh.ee\/et\/wp-json\/wp\/v2\/pages\/1589\/revisions"}],"predecessor-version":[{"id":2191,"href":"https:\/\/tvh.ee\/et\/wp-json\/wp\/v2\/pages\/1589\/revisions\/2191"}],"wp:attachment":[{"href":"https:\/\/tvh.ee\/et\/wp-json\/wp\/v2\/media?parent=1589"}],"curies":[{"name":"wp","href":"https:\/\/api.w.org\/{rel}","templated":true}]}}