{"id":1566,"date":"2017-10-25T14:23:55","date_gmt":"2017-10-25T11:23:55","guid":{"rendered":"https:\/\/tvh.ee\/?page_id=1566"},"modified":"2024-09-05T11:45:17","modified_gmt":"2024-09-05T08:45:17","slug":"juhtimine","status":"publish","type":"page","link":"https:\/\/tvh.ee\/et\/juhtimine\/","title":{"rendered":"Juhtimine"},"content":{"rendered":"<div class=\"wpb-content-wrapper\"><p>[vc_row][vc_column]<h1 class='heading-left  divider-sm' ><span>JUHTIMINE<\/span><\/h1>[vc_empty_space][vc_column_text css=&#8221;&#8221;]Ettev\u00f5tte juhatusel on kaks liiget &#8211; Ergo Blumfeldt ja T\u00f5nis Tamme.<\/p>\n<p>Osa\u00fchingu tegevust planeerib, juhtimist korraldab ning teostab j\u00e4relevalvet juhatuse tegevuse \u00fcle kolmeliikmeline n\u00f5ukogu koosseisus: Maigi P\u00e4rnik-Pernik (esimees), Ave Henberg (Kliimaministeerium) ning Raoul L\u00e4ttem\u00e4e (Rahandusministeerium). Ainuosanik on m\u00e4\u00e4ranud n\u00f5ukogu esimehe tasuks 500.- eurot kuus ja n\u00f5ukogu liikme tasuks 300.- eurot kuus. Lisatasusid n\u00f5ukogu liikmetele ei maksta.<\/p>\n<p>Osa\u00fchingu k\u00f5rgeimaks juhtimisorganiks on osanike koosolek. Osa\u00fchingu ainuosanikuks on Eesti Vabariik, mille osaniku\u00f5igusi riigivara valitsema volitatud asutusena teostab Kliimaministeerium, mille esindajaks osanike koosolekul on kliimaminister.[\/vc_column_text][\/vc_column][\/vc_row]<\/p>\n<\/div>","protected":false},"excerpt":{"rendered":"<p>[vc_row][vc_column][vc_empty_space][vc_column_text css=&#8221;&#8221;]Ettev\u00f5tte juhatusel on kaks liiget &#8211; Ergo Blumfeldt ja T\u00f5nis Tamme. Osa\u00fchingu tegevust planeerib, juhtimist korraldab ning teostab j\u00e4relevalvet juhatuse tegevuse \u00fcle kolmeliikmeline n\u00f5ukogu koosseisus: Maigi P\u00e4rnik-Pernik (esimees), Ave Henberg (Kliimaministeerium) ning Raoul L\u00e4ttem\u00e4e (Rahandusministeerium). Ainuosanik on m\u00e4\u00e4ranud n\u00f5ukogu&#8230;<\/p>\n","protected":false},"author":1,"featured_media":0,"parent":0,"menu_order":0,"comment_status":"closed","ping_status":"open","template":"","meta":{"footnotes":""},"class_list":["post-1566","page","type-page","status-publish","hentry"],"yoast_head":"<!-- This site is optimized with the Yoast SEO plugin v27.3 - https:\/\/yoast.com\/product\/yoast-seo-wordpress\/ -->\n<title>Juhtimine - Transpordi Varahaldus<\/title>\n<meta name=\"robots\" content=\"index, follow, max-snippet:-1, max-image-preview:large, max-video-preview:-1\" \/>\n<link rel=\"canonical\" href=\"https:\/\/tvh.ee\/et\/juhtimine\/\" \/>\n<meta property=\"og:locale\" content=\"et_EE\" \/>\n<meta property=\"og:type\" content=\"article\" \/>\n<meta property=\"og:title\" content=\"Juhtimine - Transpordi Varahaldus\" \/>\n<meta property=\"og:description\" content=\"[vc_row][vc_column][vc_empty_space][vc_column_text css=&#8221;&#8221;]Ettev\u00f5tte juhatusel on kaks liiget &#8211; Ergo Blumfeldt ja T\u00f5nis Tamme. Osa\u00fchingu tegevust planeerib, juhtimist korraldab ning teostab j\u00e4relevalvet juhatuse tegevuse \u00fcle kolmeliikmeline n\u00f5ukogu koosseisus: Maigi P\u00e4rnik-Pernik (esimees), Ave Henberg (Kliimaministeerium) ning Raoul L\u00e4ttem\u00e4e (Rahandusministeerium). Ainuosanik on m\u00e4\u00e4ranud n\u00f5ukogu...\" \/>\n<meta property=\"og:url\" content=\"https:\/\/tvh.ee\/et\/juhtimine\/\" \/>\n<meta property=\"og:site_name\" content=\"Transpordi Varahaldus\" \/>\n<meta property=\"article:modified_time\" content=\"2024-09-05T08:45:17+00:00\" \/>\n<meta name=\"twitter:card\" content=\"summary_large_image\" \/>\n<meta name=\"twitter:label1\" content=\"Est. reading time\" \/>\n\t<meta name=\"twitter:data1\" content=\"1 minute\" \/>\n<script type=\"application\/ld+json\" class=\"yoast-schema-graph\">{\"@context\":\"https:\\\/\\\/schema.org\",\"@graph\":[{\"@type\":\"WebPage\",\"@id\":\"https:\\\/\\\/tvh.ee\\\/et\\\/juhtimine\\\/\",\"url\":\"https:\\\/\\\/tvh.ee\\\/et\\\/juhtimine\\\/\",\"name\":\"Juhtimine - Transpordi Varahaldus\",\"isPartOf\":{\"@id\":\"https:\\\/\\\/tvh.ee\\\/et\\\/#website\"},\"datePublished\":\"2017-10-25T11:23:55+00:00\",\"dateModified\":\"2024-09-05T08:45:17+00:00\",\"breadcrumb\":{\"@id\":\"https:\\\/\\\/tvh.ee\\\/et\\\/juhtimine\\\/#breadcrumb\"},\"inLanguage\":\"et-EE\",\"potentialAction\":[{\"@type\":\"ReadAction\",\"target\":[\"https:\\\/\\\/tvh.ee\\\/et\\\/juhtimine\\\/\"]}]},{\"@type\":\"BreadcrumbList\",\"@id\":\"https:\\\/\\\/tvh.ee\\\/et\\\/juhtimine\\\/#breadcrumb\",\"itemListElement\":[{\"@type\":\"ListItem\",\"position\":1,\"name\":\"Home\",\"item\":\"https:\\\/\\\/tvh.ee\\\/et\\\/\"},{\"@type\":\"ListItem\",\"position\":2,\"name\":\"Juhtimine\"}]},{\"@type\":\"WebSite\",\"@id\":\"https:\\\/\\\/tvh.ee\\\/et\\\/#website\",\"url\":\"https:\\\/\\\/tvh.ee\\\/et\\\/\",\"name\":\"Transpordi Varahaldus\",\"description\":\"\",\"potentialAction\":[{\"@type\":\"SearchAction\",\"target\":{\"@type\":\"EntryPoint\",\"urlTemplate\":\"https:\\\/\\\/tvh.ee\\\/et\\\/?s={search_term_string}\"},\"query-input\":{\"@type\":\"PropertyValueSpecification\",\"valueRequired\":true,\"valueName\":\"search_term_string\"}}],\"inLanguage\":\"et-EE\"}]}<\/script>\n<!-- \/ Yoast SEO plugin. -->","yoast_head_json":{"title":"Juhtimine - Transpordi Varahaldus","robots":{"index":"index","follow":"follow","max-snippet":"max-snippet:-1","max-image-preview":"max-image-preview:large","max-video-preview":"max-video-preview:-1"},"canonical":"https:\/\/tvh.ee\/et\/juhtimine\/","og_locale":"et_EE","og_type":"article","og_title":"Juhtimine - Transpordi Varahaldus","og_description":"[vc_row][vc_column][vc_empty_space][vc_column_text css=&#8221;&#8221;]Ettev\u00f5tte juhatusel on kaks liiget &#8211; Ergo Blumfeldt ja T\u00f5nis Tamme. Osa\u00fchingu tegevust planeerib, juhtimist korraldab ning teostab j\u00e4relevalvet juhatuse tegevuse \u00fcle kolmeliikmeline n\u00f5ukogu koosseisus: Maigi P\u00e4rnik-Pernik (esimees), Ave Henberg (Kliimaministeerium) ning Raoul L\u00e4ttem\u00e4e (Rahandusministeerium). Ainuosanik on m\u00e4\u00e4ranud n\u00f5ukogu...","og_url":"https:\/\/tvh.ee\/et\/juhtimine\/","og_site_name":"Transpordi Varahaldus","article_modified_time":"2024-09-05T08:45:17+00:00","twitter_card":"summary_large_image","twitter_misc":{"Est. reading time":"1 minute"},"schema":{"@context":"https:\/\/schema.org","@graph":[{"@type":"WebPage","@id":"https:\/\/tvh.ee\/et\/juhtimine\/","url":"https:\/\/tvh.ee\/et\/juhtimine\/","name":"Juhtimine - Transpordi Varahaldus","isPartOf":{"@id":"https:\/\/tvh.ee\/et\/#website"},"datePublished":"2017-10-25T11:23:55+00:00","dateModified":"2024-09-05T08:45:17+00:00","breadcrumb":{"@id":"https:\/\/tvh.ee\/et\/juhtimine\/#breadcrumb"},"inLanguage":"et-EE","potentialAction":[{"@type":"ReadAction","target":["https:\/\/tvh.ee\/et\/juhtimine\/"]}]},{"@type":"BreadcrumbList","@id":"https:\/\/tvh.ee\/et\/juhtimine\/#breadcrumb","itemListElement":[{"@type":"ListItem","position":1,"name":"Home","item":"https:\/\/tvh.ee\/et\/"},{"@type":"ListItem","position":2,"name":"Juhtimine"}]},{"@type":"WebSite","@id":"https:\/\/tvh.ee\/et\/#website","url":"https:\/\/tvh.ee\/et\/","name":"Transpordi Varahaldus","description":"","potentialAction":[{"@type":"SearchAction","target":{"@type":"EntryPoint","urlTemplate":"https:\/\/tvh.ee\/et\/?s={search_term_string}"},"query-input":{"@type":"PropertyValueSpecification","valueRequired":true,"valueName":"search_term_string"}}],"inLanguage":"et-EE"}]}},"_links":{"self":[{"href":"https:\/\/tvh.ee\/et\/wp-json\/wp\/v2\/pages\/1566","targetHints":{"allow":["GET"]}}],"collection":[{"href":"https:\/\/tvh.ee\/et\/wp-json\/wp\/v2\/pages"}],"about":[{"href":"https:\/\/tvh.ee\/et\/wp-json\/wp\/v2\/types\/page"}],"author":[{"embeddable":true,"href":"https:\/\/tvh.ee\/et\/wp-json\/wp\/v2\/users\/1"}],"replies":[{"embeddable":true,"href":"https:\/\/tvh.ee\/et\/wp-json\/wp\/v2\/comments?post=1566"}],"version-history":[{"count":10,"href":"https:\/\/tvh.ee\/et\/wp-json\/wp\/v2\/pages\/1566\/revisions"}],"predecessor-version":[{"id":2635,"href":"https:\/\/tvh.ee\/et\/wp-json\/wp\/v2\/pages\/1566\/revisions\/2635"}],"wp:attachment":[{"href":"https:\/\/tvh.ee\/et\/wp-json\/wp\/v2\/media?parent=1566"}],"curies":[{"name":"wp","href":"https:\/\/api.w.org\/{rel}","templated":true}]}}