{"id":1560,"date":"2017-10-25T14:21:49","date_gmt":"2017-10-25T11:21:49","guid":{"rendered":"https:\/\/tvh.ee\/?page_id=1560"},"modified":"2024-01-17T20:05:22","modified_gmt":"2024-01-17T18:05:22","slug":"varad","status":"publish","type":"page","link":"https:\/\/tvh.ee\/et\/varad\/","title":{"rendered":"Varad"},"content":{"rendered":"<div class=\"wpb-content-wrapper\"><p>[vc_row][vc_column]<h1 class='heading-left  divider-sm' ><span>LENNUKIPARK<\/span><\/h1>[vc_empty_space][vc_column_text]Ettev\u00f5tte lennukipark koosneb seitsmest Bombardier CRJ900NG t\u00fc\u00fcpi reaktiivmootoritega reisilennukist (valmistajatehase seerianumbrid MSN 15261, MSN 15262, MSN 15276, MSN 15277, MSN 15211, MSN 15250 ja MSN 15206).<\/p>\n<p>K\u00f5ik lennukid on 88-kohalised, registreeritud Eesti Transpordiameti \u00f5hus\u00f5idukite registris ning pikaajaliselt v\u00e4lja renditud AS-ile Nordic Aviation Group (Nordica). Nordica on lennukid allrentinud oma t\u00fctarettev\u00f5ttele Regional Jet O\u00dc, mis tegutseb Xfly kaubam\u00e4rgi all.[\/vc_column_text][\/vc_column][\/vc_row]<\/p>\n<\/div>","protected":false},"excerpt":{"rendered":"<p>[vc_row][vc_column][vc_empty_space][vc_column_text]Ettev\u00f5tte lennukipark koosneb seitsmest Bombardier CRJ900NG t\u00fc\u00fcpi reaktiivmootoritega reisilennukist (valmistajatehase seerianumbrid MSN 15261, MSN 15262, MSN 15276, MSN 15277, MSN 15211, MSN 15250 ja MSN 15206). K\u00f5ik lennukid on 88-kohalised, registreeritud Eesti Transpordiameti \u00f5hus\u00f5idukite registris ning pikaajaliselt v\u00e4lja renditud AS-ile&#8230;<\/p>\n","protected":false},"author":1,"featured_media":0,"parent":0,"menu_order":0,"comment_status":"closed","ping_status":"open","template":"","meta":{"footnotes":""},"class_list":["post-1560","page","type-page","status-publish","hentry"],"yoast_head":"<!-- This site is optimized with the Yoast SEO plugin v27.3 - https:\/\/yoast.com\/product\/yoast-seo-wordpress\/ -->\n<title>Varad - Transpordi Varahaldus<\/title>\n<meta name=\"robots\" content=\"index, follow, max-snippet:-1, max-image-preview:large, max-video-preview:-1\" \/>\n<link rel=\"canonical\" href=\"https:\/\/tvh.ee\/et\/varad\/\" \/>\n<meta property=\"og:locale\" content=\"et_EE\" \/>\n<meta property=\"og:type\" content=\"article\" \/>\n<meta property=\"og:title\" content=\"Varad - Transpordi Varahaldus\" \/>\n<meta property=\"og:description\" content=\"[vc_row][vc_column][vc_empty_space][vc_column_text]Ettev\u00f5tte lennukipark koosneb seitsmest Bombardier CRJ900NG t\u00fc\u00fcpi reaktiivmootoritega reisilennukist (valmistajatehase seerianumbrid MSN 15261, MSN 15262, MSN 15276, MSN 15277, MSN 15211, MSN 15250 ja MSN 15206). K\u00f5ik lennukid on 88-kohalised, registreeritud Eesti Transpordiameti \u00f5hus\u00f5idukite registris ning pikaajaliselt v\u00e4lja renditud AS-ile...\" \/>\n<meta property=\"og:url\" content=\"https:\/\/tvh.ee\/et\/varad\/\" \/>\n<meta property=\"og:site_name\" content=\"Transpordi Varahaldus\" \/>\n<meta property=\"article:modified_time\" content=\"2024-01-17T18:05:22+00:00\" \/>\n<meta name=\"twitter:card\" content=\"summary_large_image\" \/>\n<meta name=\"twitter:label1\" content=\"Est. reading time\" \/>\n\t<meta name=\"twitter:data1\" content=\"1 minute\" \/>\n<script type=\"application\/ld+json\" class=\"yoast-schema-graph\">{\"@context\":\"https:\\\/\\\/schema.org\",\"@graph\":[{\"@type\":\"WebPage\",\"@id\":\"https:\\\/\\\/tvh.ee\\\/et\\\/varad\\\/\",\"url\":\"https:\\\/\\\/tvh.ee\\\/et\\\/varad\\\/\",\"name\":\"Varad - Transpordi Varahaldus\",\"isPartOf\":{\"@id\":\"https:\\\/\\\/tvh.ee\\\/et\\\/#website\"},\"datePublished\":\"2017-10-25T11:21:49+00:00\",\"dateModified\":\"2024-01-17T18:05:22+00:00\",\"breadcrumb\":{\"@id\":\"https:\\\/\\\/tvh.ee\\\/et\\\/varad\\\/#breadcrumb\"},\"inLanguage\":\"et-EE\",\"potentialAction\":[{\"@type\":\"ReadAction\",\"target\":[\"https:\\\/\\\/tvh.ee\\\/et\\\/varad\\\/\"]}]},{\"@type\":\"BreadcrumbList\",\"@id\":\"https:\\\/\\\/tvh.ee\\\/et\\\/varad\\\/#breadcrumb\",\"itemListElement\":[{\"@type\":\"ListItem\",\"position\":1,\"name\":\"Home\",\"item\":\"https:\\\/\\\/tvh.ee\\\/et\\\/\"},{\"@type\":\"ListItem\",\"position\":2,\"name\":\"Varad\"}]},{\"@type\":\"WebSite\",\"@id\":\"https:\\\/\\\/tvh.ee\\\/et\\\/#website\",\"url\":\"https:\\\/\\\/tvh.ee\\\/et\\\/\",\"name\":\"Transpordi Varahaldus\",\"description\":\"\",\"potentialAction\":[{\"@type\":\"SearchAction\",\"target\":{\"@type\":\"EntryPoint\",\"urlTemplate\":\"https:\\\/\\\/tvh.ee\\\/et\\\/?s={search_term_string}\"},\"query-input\":{\"@type\":\"PropertyValueSpecification\",\"valueRequired\":true,\"valueName\":\"search_term_string\"}}],\"inLanguage\":\"et-EE\"}]}<\/script>\n<!-- \/ Yoast SEO plugin. -->","yoast_head_json":{"title":"Varad - Transpordi Varahaldus","robots":{"index":"index","follow":"follow","max-snippet":"max-snippet:-1","max-image-preview":"max-image-preview:large","max-video-preview":"max-video-preview:-1"},"canonical":"https:\/\/tvh.ee\/et\/varad\/","og_locale":"et_EE","og_type":"article","og_title":"Varad - Transpordi Varahaldus","og_description":"[vc_row][vc_column][vc_empty_space][vc_column_text]Ettev\u00f5tte lennukipark koosneb seitsmest Bombardier CRJ900NG t\u00fc\u00fcpi reaktiivmootoritega reisilennukist (valmistajatehase seerianumbrid MSN 15261, MSN 15262, MSN 15276, MSN 15277, MSN 15211, MSN 15250 ja MSN 15206). K\u00f5ik lennukid on 88-kohalised, registreeritud Eesti Transpordiameti \u00f5hus\u00f5idukite registris ning pikaajaliselt v\u00e4lja renditud AS-ile...","og_url":"https:\/\/tvh.ee\/et\/varad\/","og_site_name":"Transpordi Varahaldus","article_modified_time":"2024-01-17T18:05:22+00:00","twitter_card":"summary_large_image","twitter_misc":{"Est. reading time":"1 minute"},"schema":{"@context":"https:\/\/schema.org","@graph":[{"@type":"WebPage","@id":"https:\/\/tvh.ee\/et\/varad\/","url":"https:\/\/tvh.ee\/et\/varad\/","name":"Varad - Transpordi Varahaldus","isPartOf":{"@id":"https:\/\/tvh.ee\/et\/#website"},"datePublished":"2017-10-25T11:21:49+00:00","dateModified":"2024-01-17T18:05:22+00:00","breadcrumb":{"@id":"https:\/\/tvh.ee\/et\/varad\/#breadcrumb"},"inLanguage":"et-EE","potentialAction":[{"@type":"ReadAction","target":["https:\/\/tvh.ee\/et\/varad\/"]}]},{"@type":"BreadcrumbList","@id":"https:\/\/tvh.ee\/et\/varad\/#breadcrumb","itemListElement":[{"@type":"ListItem","position":1,"name":"Home","item":"https:\/\/tvh.ee\/et\/"},{"@type":"ListItem","position":2,"name":"Varad"}]},{"@type":"WebSite","@id":"https:\/\/tvh.ee\/et\/#website","url":"https:\/\/tvh.ee\/et\/","name":"Transpordi Varahaldus","description":"","potentialAction":[{"@type":"SearchAction","target":{"@type":"EntryPoint","urlTemplate":"https:\/\/tvh.ee\/et\/?s={search_term_string}"},"query-input":{"@type":"PropertyValueSpecification","valueRequired":true,"valueName":"search_term_string"}}],"inLanguage":"et-EE"}]}},"_links":{"self":[{"href":"https:\/\/tvh.ee\/et\/wp-json\/wp\/v2\/pages\/1560","targetHints":{"allow":["GET"]}}],"collection":[{"href":"https:\/\/tvh.ee\/et\/wp-json\/wp\/v2\/pages"}],"about":[{"href":"https:\/\/tvh.ee\/et\/wp-json\/wp\/v2\/types\/page"}],"author":[{"embeddable":true,"href":"https:\/\/tvh.ee\/et\/wp-json\/wp\/v2\/users\/1"}],"replies":[{"embeddable":true,"href":"https:\/\/tvh.ee\/et\/wp-json\/wp\/v2\/comments?post=1560"}],"version-history":[{"count":10,"href":"https:\/\/tvh.ee\/et\/wp-json\/wp\/v2\/pages\/1560\/revisions"}],"predecessor-version":[{"id":2554,"href":"https:\/\/tvh.ee\/et\/wp-json\/wp\/v2\/pages\/1560\/revisions\/2554"}],"wp:attachment":[{"href":"https:\/\/tvh.ee\/et\/wp-json\/wp\/v2\/media?parent=1560"}],"curies":[{"name":"wp","href":"https:\/\/api.w.org\/{rel}","templated":true}]}}