{"id":1537,"date":"2014-11-11T11:09:47","date_gmt":"2014-11-11T11:09:47","guid":{"rendered":"https:\/\/tvh.ee\/home\/"},"modified":"2026-02-01T16:01:12","modified_gmt":"2026-02-01T14:01:12","slug":"avaleht","status":"publish","type":"page","link":"https:\/\/tvh.ee\/et\/","title":{"rendered":"Avaleht"},"content":{"rendered":"<div class=\"wpb-content-wrapper\"><p>[vc_row full_width=&#8221;stretch_row_content&#8221; has_content=&#8221;true&#8221;][vc_column offset=&#8221;vc_hidden-xs&#8221;][rev_slider_vc alias=&#8221;main-slider-et&#8221;][\/vc_column][\/vc_row][vc_row][vc_column offset=&#8221;vc_hidden-lg vc_hidden-md vc_hidden-sm&#8221; css=&#8221;.vc_custom_1512985390905{margin-top: 20px !important;margin-bottom: -40px !important;}&#8221;]<h2 class='heading-middle  divider-sm' ><span>TUTVUSTUS<\/span><\/h2>[vc_column_text css=&#8221;.vc_custom_1512985528609{margin-top: 40px !important;}&#8221;]O\u00dc Transpordi Varahaldus (edaspidi \u201cTVH\u201d v\u00f5i \u201cEttev\u00f5te\u201d) on riigi \u00e4ri\u00fching, mis on asutatud 30. septembril 2015 Eesti Vabariigi kui ainuosaniku poolt eesm\u00e4rgiga tegutseda investeerimis\u00fchinguna, mis rahastab ja haldab investeeringuid p\u00f5hivarasse transpordi valdkonnas (sealhulgas omandamine ja rentimine). Ettev\u00f5te kanti \u00e4riregistrisse 10. oktoobril 2015.[\/vc_column_text][\/vc_column][\/vc_row][vc_row css=&#8221;.vc_custom_1511183557486{margin-top: 60px !important;}&#8221;][vc_column]<h2 class='heading-middle  divider-sm' ><span>LENNUKIPARK<\/span><\/h2>[\/vc_column][\/vc_row][vc_row][vc_column][vc_empty_space][\/vc_column][\/vc_row][vc_row][vc_column width=&#8221;2\/3&#8243;][vc_single_image image=&#8221;1667&#8243; img_size=&#8221;full&#8221;][\/vc_column][vc_column width=&#8221;1\/3&#8243;][vc_column_text]Ettev\u00f5tte lennukipark koosneb seitsmest Bombardier CRJ900NG t\u00fc\u00fcpi reaktiivmootoritega reisilennukist (valmistajatehase seerianumbrid MSN 15261, MSN 15262, MSN 15276, MSN 15277, MSN 15211, MSN 15250 ja MSN 15206).[\/vc_column_text][vc_empty_space]<a target=\"_self\" href=\"https:\/\/tvh.ee\/et\/varad\/\" class=\"btn btn-sm style-1\" id=\"custom-id-0\" style=\"\">Vaata l\u00e4hemalt<\/a>[\/vc_column][\/vc_row][vc_row][vc_column][vc_empty_space][\/vc_column][\/vc_row][vc_row][vc_column]<h2 class='heading-middle  divider-sm' ><span>UUDISED<\/span><\/h2>[vc_empty_space][vc_basic_grid post_type=&#8221;post&#8221; max_items=&#8221;3&#8243; item=&#8221;1744&#8243; grid_id=&#8221;vc_gid:1769954459826-add8fde5-49b3-2&#8243; taxonomies=&#8221;22, 23&#8243;][vc_btn title=&#8221;Vaata k\u00f5iki uudiseid&#8221; align=&#8221;center&#8221; css=&#8221;.vc_custom_1512983966596{margin-top: 30px !important;}&#8221; link=&#8221;url:https%3A%2F%2Ftvh.ee%2Fet%2Fuudised%2F|||&#8221;][\/vc_column][\/vc_row][vc_row][vc_column][vc_empty_space][\/vc_column][\/vc_row]<\/p>\n<\/div>","protected":false},"excerpt":{"rendered":"<p>[vc_row full_width=&#8221;stretch_row_content&#8221; has_content=&#8221;true&#8221;][vc_column offset=&#8221;vc_hidden-xs&#8221;][rev_slider_vc alias=&#8221;main-slider-et&#8221;][\/vc_column][\/vc_row][vc_row][vc_column offset=&#8221;vc_hidden-lg vc_hidden-md vc_hidden-sm&#8221; css=&#8221;.vc_custom_1512985390905{margin-top: 20px !important;margin-bottom: -40px !important;}&#8221;][vc_column_text css=&#8221;.vc_custom_1512985528609{margin-top: 40px !important;}&#8221;]O\u00dc Transpordi Varahaldus (edaspidi \u201cTVH\u201d v\u00f5i \u201cEttev\u00f5te\u201d) on riigi \u00e4ri\u00fching, mis on asutatud 30. septembril 2015 Eesti Vabariigi kui ainuosaniku poolt eesm\u00e4rgiga tegutseda investeerimis\u00fchinguna, mis&#8230;<\/p>\n","protected":false},"author":1,"featured_media":0,"parent":0,"menu_order":0,"comment_status":"closed","ping_status":"open","template":"","meta":{"footnotes":""},"class_list":["post-1537","page","type-page","status-publish","hentry"],"yoast_head":"<!-- This site is optimized with the Yoast SEO plugin v27.3 - https:\/\/yoast.com\/product\/yoast-seo-wordpress\/ -->\n<title>Avaleht - Transpordi Varahaldus<\/title>\n<meta name=\"description\" content=\"Transpordi Varahaldus rahastab ja haldab investeeringuid p\u00f5hivarasse transpordi valdkonnas (sealhulgas omandamine ja rentimine).\" \/>\n<meta name=\"robots\" content=\"index, follow, max-snippet:-1, max-image-preview:large, max-video-preview:-1\" \/>\n<link rel=\"canonical\" href=\"https:\/\/tvh.ee\/et\/\" \/>\n<meta property=\"og:locale\" content=\"et_EE\" \/>\n<meta property=\"og:type\" content=\"article\" \/>\n<meta property=\"og:title\" content=\"Avaleht - Transpordi Varahaldus\" \/>\n<meta property=\"og:description\" content=\"Transpordi Varahaldus rahastab ja haldab investeeringuid p\u00f5hivarasse transpordi valdkonnas (sealhulgas omandamine ja rentimine).\" \/>\n<meta property=\"og:url\" content=\"https:\/\/tvh.ee\/et\/\" \/>\n<meta property=\"og:site_name\" content=\"Transpordi Varahaldus\" \/>\n<meta property=\"article:modified_time\" content=\"2026-02-01T14:01:12+00:00\" \/>\n<meta name=\"twitter:card\" content=\"summary_large_image\" \/>\n<meta name=\"twitter:label1\" content=\"Est. reading time\" \/>\n\t<meta name=\"twitter:data1\" content=\"1 minute\" \/>\n<script type=\"application\/ld+json\" class=\"yoast-schema-graph\">{\"@context\":\"https:\\\/\\\/schema.org\",\"@graph\":[{\"@type\":\"WebPage\",\"@id\":\"https:\\\/\\\/tvh.ee\\\/et\\\/\",\"url\":\"https:\\\/\\\/tvh.ee\\\/et\\\/\",\"name\":\"Avaleht - Transpordi Varahaldus\",\"isPartOf\":{\"@id\":\"https:\\\/\\\/tvh.ee\\\/et\\\/#website\"},\"datePublished\":\"2014-11-11T11:09:47+00:00\",\"dateModified\":\"2026-02-01T14:01:12+00:00\",\"description\":\"Transpordi Varahaldus rahastab ja haldab investeeringuid p\u00f5hivarasse transpordi valdkonnas (sealhulgas omandamine ja rentimine).\",\"breadcrumb\":{\"@id\":\"https:\\\/\\\/tvh.ee\\\/et\\\/#breadcrumb\"},\"inLanguage\":\"et-EE\",\"potentialAction\":[{\"@type\":\"ReadAction\",\"target\":[\"https:\\\/\\\/tvh.ee\\\/et\\\/\"]}]},{\"@type\":\"BreadcrumbList\",\"@id\":\"https:\\\/\\\/tvh.ee\\\/et\\\/#breadcrumb\",\"itemListElement\":[{\"@type\":\"ListItem\",\"position\":1,\"name\":\"Home\",\"item\":\"https:\\\/\\\/tvh.ee\\\/et\\\/\"},{\"@type\":\"ListItem\",\"position\":2,\"name\":\"Avaleht\"}]},{\"@type\":\"WebSite\",\"@id\":\"https:\\\/\\\/tvh.ee\\\/et\\\/#website\",\"url\":\"https:\\\/\\\/tvh.ee\\\/et\\\/\",\"name\":\"Transpordi Varahaldus\",\"description\":\"\",\"potentialAction\":[{\"@type\":\"SearchAction\",\"target\":{\"@type\":\"EntryPoint\",\"urlTemplate\":\"https:\\\/\\\/tvh.ee\\\/et\\\/?s={search_term_string}\"},\"query-input\":{\"@type\":\"PropertyValueSpecification\",\"valueRequired\":true,\"valueName\":\"search_term_string\"}}],\"inLanguage\":\"et-EE\"}]}<\/script>\n<!-- \/ Yoast SEO plugin. -->","yoast_head_json":{"title":"Avaleht - Transpordi Varahaldus","description":"Transpordi Varahaldus rahastab ja haldab investeeringuid p\u00f5hivarasse transpordi valdkonnas (sealhulgas omandamine ja rentimine).","robots":{"index":"index","follow":"follow","max-snippet":"max-snippet:-1","max-image-preview":"max-image-preview:large","max-video-preview":"max-video-preview:-1"},"canonical":"https:\/\/tvh.ee\/et\/","og_locale":"et_EE","og_type":"article","og_title":"Avaleht - Transpordi Varahaldus","og_description":"Transpordi Varahaldus rahastab ja haldab investeeringuid p\u00f5hivarasse transpordi valdkonnas (sealhulgas omandamine ja rentimine).","og_url":"https:\/\/tvh.ee\/et\/","og_site_name":"Transpordi Varahaldus","article_modified_time":"2026-02-01T14:01:12+00:00","twitter_card":"summary_large_image","twitter_misc":{"Est. reading time":"1 minute"},"schema":{"@context":"https:\/\/schema.org","@graph":[{"@type":"WebPage","@id":"https:\/\/tvh.ee\/et\/","url":"https:\/\/tvh.ee\/et\/","name":"Avaleht - Transpordi Varahaldus","isPartOf":{"@id":"https:\/\/tvh.ee\/et\/#website"},"datePublished":"2014-11-11T11:09:47+00:00","dateModified":"2026-02-01T14:01:12+00:00","description":"Transpordi Varahaldus rahastab ja haldab investeeringuid p\u00f5hivarasse transpordi valdkonnas (sealhulgas omandamine ja rentimine).","breadcrumb":{"@id":"https:\/\/tvh.ee\/et\/#breadcrumb"},"inLanguage":"et-EE","potentialAction":[{"@type":"ReadAction","target":["https:\/\/tvh.ee\/et\/"]}]},{"@type":"BreadcrumbList","@id":"https:\/\/tvh.ee\/et\/#breadcrumb","itemListElement":[{"@type":"ListItem","position":1,"name":"Home","item":"https:\/\/tvh.ee\/et\/"},{"@type":"ListItem","position":2,"name":"Avaleht"}]},{"@type":"WebSite","@id":"https:\/\/tvh.ee\/et\/#website","url":"https:\/\/tvh.ee\/et\/","name":"Transpordi Varahaldus","description":"","potentialAction":[{"@type":"SearchAction","target":{"@type":"EntryPoint","urlTemplate":"https:\/\/tvh.ee\/et\/?s={search_term_string}"},"query-input":{"@type":"PropertyValueSpecification","valueRequired":true,"valueName":"search_term_string"}}],"inLanguage":"et-EE"}]}},"_links":{"self":[{"href":"https:\/\/tvh.ee\/et\/wp-json\/wp\/v2\/pages\/1537","targetHints":{"allow":["GET"]}}],"collection":[{"href":"https:\/\/tvh.ee\/et\/wp-json\/wp\/v2\/pages"}],"about":[{"href":"https:\/\/tvh.ee\/et\/wp-json\/wp\/v2\/types\/page"}],"author":[{"embeddable":true,"href":"https:\/\/tvh.ee\/et\/wp-json\/wp\/v2\/users\/1"}],"replies":[{"embeddable":true,"href":"https:\/\/tvh.ee\/et\/wp-json\/wp\/v2\/comments?post=1537"}],"version-history":[{"count":51,"href":"https:\/\/tvh.ee\/et\/wp-json\/wp\/v2\/pages\/1537\/revisions"}],"predecessor-version":[{"id":2746,"href":"https:\/\/tvh.ee\/et\/wp-json\/wp\/v2\/pages\/1537\/revisions\/2746"}],"wp:attachment":[{"href":"https:\/\/tvh.ee\/et\/wp-json\/wp\/v2\/media?parent=1537"}],"curies":[{"name":"wp","href":"https:\/\/api.w.org\/{rel}","templated":true}]}}