{"id":1536,"date":"2014-11-11T11:14:05","date_gmt":"2014-11-11T11:14:05","guid":{"rendered":"https:\/\/tvh.ee\/about-us\/"},"modified":"2023-12-11T13:33:50","modified_gmt":"2023-12-11T11:33:50","slug":"tutvustus","status":"publish","type":"page","link":"https:\/\/tvh.ee\/et\/tutvustus\/","title":{"rendered":"Tutvustus"},"content":{"rendered":"<div class=\"wpb-content-wrapper\"><p>[vc_row][vc_column]<h1 class='heading-left  divider-sm' ><span>TRANSPORDI VARAHALDUS<\/span><\/h1>[vc_empty_space][vc_column_text]O\u00dc Transpordi Varahaldus (edaspidi &#8220;TVH&#8221; v\u00f5i &#8220;Ettev\u00f5te&#8221;) on riigi \u00e4ri\u00fching, mis on asutatud 30. septembril 2015 Eesti Vabariigi kui ainuosaniku poolt eesm\u00e4rgiga tegutseda investeerimis\u00fchinguna, mis rahastab ja haldab investeeringuid p\u00f5hivarasse transpordi valdkonnas (sealhulgas omandamine ja rentimine). Ettev\u00f5te kanti \u00e4riregistrisse 10. oktoobril 2015.[\/vc_column_text][\/vc_column][\/vc_row]<\/p>\n<\/div>","protected":false},"excerpt":{"rendered":"<p>[vc_row][vc_column][vc_empty_space][vc_column_text]O\u00dc Transpordi Varahaldus (edaspidi &#8220;TVH&#8221; v\u00f5i &#8220;Ettev\u00f5te&#8221;) on riigi \u00e4ri\u00fching, mis on asutatud 30. septembril 2015 Eesti Vabariigi kui ainuosaniku poolt eesm\u00e4rgiga tegutseda investeerimis\u00fchinguna, mis rahastab ja haldab investeeringuid p\u00f5hivarasse transpordi valdkonnas (sealhulgas omandamine ja rentimine). Ettev\u00f5te kanti \u00e4riregistrisse 10&#8230;.<\/p>\n","protected":false},"author":1,"featured_media":0,"parent":0,"menu_order":0,"comment_status":"closed","ping_status":"open","template":"","meta":{"footnotes":""},"class_list":["post-1536","page","type-page","status-publish","hentry"],"yoast_head":"<!-- This site is optimized with the Yoast SEO plugin v27.3 - https:\/\/yoast.com\/product\/yoast-seo-wordpress\/ -->\n<title>Tutvustus - Transpordi Varahaldus<\/title>\n<meta name=\"robots\" content=\"index, follow, max-snippet:-1, max-image-preview:large, max-video-preview:-1\" \/>\n<link rel=\"canonical\" href=\"https:\/\/tvh.ee\/et\/tutvustus\/\" \/>\n<meta property=\"og:locale\" content=\"et_EE\" \/>\n<meta property=\"og:type\" content=\"article\" \/>\n<meta property=\"og:title\" content=\"Tutvustus - Transpordi Varahaldus\" \/>\n<meta property=\"og:description\" content=\"[vc_row][vc_column][vc_empty_space][vc_column_text]O\u00dc Transpordi Varahaldus (edaspidi &#8220;TVH&#8221; v\u00f5i &#8220;Ettev\u00f5te&#8221;) on riigi \u00e4ri\u00fching, mis on asutatud 30. septembril 2015 Eesti Vabariigi kui ainuosaniku poolt eesm\u00e4rgiga tegutseda investeerimis\u00fchinguna, mis rahastab ja haldab investeeringuid p\u00f5hivarasse transpordi valdkonnas (sealhulgas omandamine ja rentimine). Ettev\u00f5te kanti \u00e4riregistrisse 10....\" \/>\n<meta property=\"og:url\" content=\"https:\/\/tvh.ee\/et\/tutvustus\/\" \/>\n<meta property=\"og:site_name\" content=\"Transpordi Varahaldus\" \/>\n<meta property=\"article:modified_time\" content=\"2023-12-11T11:33:50+00:00\" \/>\n<meta name=\"twitter:card\" content=\"summary_large_image\" \/>\n<meta name=\"twitter:label1\" content=\"Est. reading time\" \/>\n\t<meta name=\"twitter:data1\" content=\"1 minute\" \/>\n<script type=\"application\/ld+json\" class=\"yoast-schema-graph\">{\"@context\":\"https:\\\/\\\/schema.org\",\"@graph\":[{\"@type\":\"WebPage\",\"@id\":\"https:\\\/\\\/tvh.ee\\\/et\\\/tutvustus\\\/\",\"url\":\"https:\\\/\\\/tvh.ee\\\/et\\\/tutvustus\\\/\",\"name\":\"Tutvustus - Transpordi Varahaldus\",\"isPartOf\":{\"@id\":\"https:\\\/\\\/tvh.ee\\\/et\\\/#website\"},\"datePublished\":\"2014-11-11T11:14:05+00:00\",\"dateModified\":\"2023-12-11T11:33:50+00:00\",\"breadcrumb\":{\"@id\":\"https:\\\/\\\/tvh.ee\\\/et\\\/tutvustus\\\/#breadcrumb\"},\"inLanguage\":\"et-EE\",\"potentialAction\":[{\"@type\":\"ReadAction\",\"target\":[\"https:\\\/\\\/tvh.ee\\\/et\\\/tutvustus\\\/\"]}]},{\"@type\":\"BreadcrumbList\",\"@id\":\"https:\\\/\\\/tvh.ee\\\/et\\\/tutvustus\\\/#breadcrumb\",\"itemListElement\":[{\"@type\":\"ListItem\",\"position\":1,\"name\":\"Home\",\"item\":\"https:\\\/\\\/tvh.ee\\\/et\\\/\"},{\"@type\":\"ListItem\",\"position\":2,\"name\":\"Tutvustus\"}]},{\"@type\":\"WebSite\",\"@id\":\"https:\\\/\\\/tvh.ee\\\/et\\\/#website\",\"url\":\"https:\\\/\\\/tvh.ee\\\/et\\\/\",\"name\":\"Transpordi Varahaldus\",\"description\":\"\",\"potentialAction\":[{\"@type\":\"SearchAction\",\"target\":{\"@type\":\"EntryPoint\",\"urlTemplate\":\"https:\\\/\\\/tvh.ee\\\/et\\\/?s={search_term_string}\"},\"query-input\":{\"@type\":\"PropertyValueSpecification\",\"valueRequired\":true,\"valueName\":\"search_term_string\"}}],\"inLanguage\":\"et-EE\"}]}<\/script>\n<!-- \/ Yoast SEO plugin. -->","yoast_head_json":{"title":"Tutvustus - Transpordi Varahaldus","robots":{"index":"index","follow":"follow","max-snippet":"max-snippet:-1","max-image-preview":"max-image-preview:large","max-video-preview":"max-video-preview:-1"},"canonical":"https:\/\/tvh.ee\/et\/tutvustus\/","og_locale":"et_EE","og_type":"article","og_title":"Tutvustus - Transpordi Varahaldus","og_description":"[vc_row][vc_column][vc_empty_space][vc_column_text]O\u00dc Transpordi Varahaldus (edaspidi &#8220;TVH&#8221; v\u00f5i &#8220;Ettev\u00f5te&#8221;) on riigi \u00e4ri\u00fching, mis on asutatud 30. septembril 2015 Eesti Vabariigi kui ainuosaniku poolt eesm\u00e4rgiga tegutseda investeerimis\u00fchinguna, mis rahastab ja haldab investeeringuid p\u00f5hivarasse transpordi valdkonnas (sealhulgas omandamine ja rentimine). Ettev\u00f5te kanti \u00e4riregistrisse 10....","og_url":"https:\/\/tvh.ee\/et\/tutvustus\/","og_site_name":"Transpordi Varahaldus","article_modified_time":"2023-12-11T11:33:50+00:00","twitter_card":"summary_large_image","twitter_misc":{"Est. reading time":"1 minute"},"schema":{"@context":"https:\/\/schema.org","@graph":[{"@type":"WebPage","@id":"https:\/\/tvh.ee\/et\/tutvustus\/","url":"https:\/\/tvh.ee\/et\/tutvustus\/","name":"Tutvustus - Transpordi Varahaldus","isPartOf":{"@id":"https:\/\/tvh.ee\/et\/#website"},"datePublished":"2014-11-11T11:14:05+00:00","dateModified":"2023-12-11T11:33:50+00:00","breadcrumb":{"@id":"https:\/\/tvh.ee\/et\/tutvustus\/#breadcrumb"},"inLanguage":"et-EE","potentialAction":[{"@type":"ReadAction","target":["https:\/\/tvh.ee\/et\/tutvustus\/"]}]},{"@type":"BreadcrumbList","@id":"https:\/\/tvh.ee\/et\/tutvustus\/#breadcrumb","itemListElement":[{"@type":"ListItem","position":1,"name":"Home","item":"https:\/\/tvh.ee\/et\/"},{"@type":"ListItem","position":2,"name":"Tutvustus"}]},{"@type":"WebSite","@id":"https:\/\/tvh.ee\/et\/#website","url":"https:\/\/tvh.ee\/et\/","name":"Transpordi Varahaldus","description":"","potentialAction":[{"@type":"SearchAction","target":{"@type":"EntryPoint","urlTemplate":"https:\/\/tvh.ee\/et\/?s={search_term_string}"},"query-input":{"@type":"PropertyValueSpecification","valueRequired":true,"valueName":"search_term_string"}}],"inLanguage":"et-EE"}]}},"_links":{"self":[{"href":"https:\/\/tvh.ee\/et\/wp-json\/wp\/v2\/pages\/1536","targetHints":{"allow":["GET"]}}],"collection":[{"href":"https:\/\/tvh.ee\/et\/wp-json\/wp\/v2\/pages"}],"about":[{"href":"https:\/\/tvh.ee\/et\/wp-json\/wp\/v2\/types\/page"}],"author":[{"embeddable":true,"href":"https:\/\/tvh.ee\/et\/wp-json\/wp\/v2\/users\/1"}],"replies":[{"embeddable":true,"href":"https:\/\/tvh.ee\/et\/wp-json\/wp\/v2\/comments?post=1536"}],"version-history":[{"count":4,"href":"https:\/\/tvh.ee\/et\/wp-json\/wp\/v2\/pages\/1536\/revisions"}],"predecessor-version":[{"id":1878,"href":"https:\/\/tvh.ee\/et\/wp-json\/wp\/v2\/pages\/1536\/revisions\/1878"}],"wp:attachment":[{"href":"https:\/\/tvh.ee\/et\/wp-json\/wp\/v2\/media?parent=1536"}],"curies":[{"name":"wp","href":"https:\/\/api.w.org\/{rel}","templated":true}]}}