{"id":1884,"date":"2017-10-25T14:23:55","date_gmt":"2017-10-25T11:23:55","guid":{"rendered":"https:\/\/tvh.ee\/juhtimine\/"},"modified":"2024-09-05T11:46:49","modified_gmt":"2024-09-05T08:46:49","slug":"management","status":"publish","type":"page","link":"https:\/\/tvh.ee\/en\/management\/","title":{"rendered":"Management"},"content":{"rendered":"<div class=\"wpb-content-wrapper\"><p>[vc_row][vc_column]<h1 class='heading-left  divider-sm' ><span>MANAGEMENT<\/span><\/h1>[vc_empty_space][vc_column_text css=&#8221;&#8221;]The Company\u2019s Management Board consists of two persons &#8211; Ergo Blumfeldt and T\u00f5nis Tamme.<\/p>\n<p>The company\u2019s activities are planned, management is arranged for, and supervision over Management Board activities is exercised by a Supervisory Board consisting of the following three members: Maigi P\u00e4rnik-Pernik (Chairman), Ave Henberg (Ministry of Climate), and Raoul L\u00e4ttem\u00e4e (Republic of Estonia Ministry of Finance). The sole shareholder has determined 500.- euros as the monthly remuneration of the Chairman of the Supervisory Board and 300.- euros as the monthly remuneration of a member of the Supervisory Board of the Company. No additional fees are paid to the members of the Supervisory Board.<\/p>\n<p>The meeting of shareholders is the highest managing body of the private limited company. The sole shareholder of the private limited company is the Republic of Estonia whose shareholder rights, as an authority authorized to administer state assets, are exercised by the Ministry of Economic Affairs and Communications, represented at the meeting of shareholders by the Minister of Economic Affairs and Infrastructure.[\/vc_column_text][\/vc_column][\/vc_row]<\/p>\n<\/div>","protected":false},"excerpt":{"rendered":"<p>[vc_row][vc_column][vc_empty_space][vc_column_text css=&#8221;&#8221;]The Company\u2019s Management Board consists of two persons &#8211; Ergo Blumfeldt and T\u00f5nis Tamme. The company\u2019s activities are planned, management is arranged for, and supervision over Management Board activities is exercised by a Supervisory Board consisting of the following&#8230;<\/p>\n","protected":false},"author":1,"featured_media":0,"parent":0,"menu_order":0,"comment_status":"closed","ping_status":"open","template":"","meta":{"footnotes":""},"class_list":["post-1884","page","type-page","status-publish","hentry"],"yoast_head":"<!-- This site is optimized with the Yoast SEO plugin v27.3 - https:\/\/yoast.com\/product\/yoast-seo-wordpress\/ -->\n<title>Management - Transpordi Varahaldus<\/title>\n<meta name=\"robots\" content=\"index, follow, max-snippet:-1, max-image-preview:large, max-video-preview:-1\" \/>\n<link rel=\"canonical\" href=\"https:\/\/tvh.ee\/en\/management\/\" \/>\n<meta property=\"og:locale\" content=\"en_US\" \/>\n<meta property=\"og:type\" content=\"article\" \/>\n<meta property=\"og:title\" content=\"Management - Transpordi Varahaldus\" \/>\n<meta property=\"og:description\" content=\"[vc_row][vc_column][vc_empty_space][vc_column_text css=&#8221;&#8221;]The Company\u2019s Management Board consists of two persons &#8211; Ergo Blumfeldt and T\u00f5nis Tamme. The company\u2019s activities are planned, management is arranged for, and supervision over Management Board activities is exercised by a Supervisory Board consisting of the following...\" \/>\n<meta property=\"og:url\" content=\"https:\/\/tvh.ee\/en\/management\/\" \/>\n<meta property=\"og:site_name\" content=\"Transpordi Varahaldus\" \/>\n<meta property=\"article:modified_time\" content=\"2024-09-05T08:46:49+00:00\" \/>\n<meta name=\"twitter:card\" content=\"summary_large_image\" \/>\n<meta name=\"twitter:label1\" content=\"Est. reading time\" \/>\n\t<meta name=\"twitter:data1\" content=\"1 minute\" \/>\n<script type=\"application\/ld+json\" class=\"yoast-schema-graph\">{\"@context\":\"https:\\\/\\\/schema.org\",\"@graph\":[{\"@type\":\"WebPage\",\"@id\":\"https:\\\/\\\/tvh.ee\\\/en\\\/management\\\/\",\"url\":\"https:\\\/\\\/tvh.ee\\\/en\\\/management\\\/\",\"name\":\"Management - Transpordi Varahaldus\",\"isPartOf\":{\"@id\":\"https:\\\/\\\/tvh.ee\\\/en\\\/#website\"},\"datePublished\":\"2017-10-25T11:23:55+00:00\",\"dateModified\":\"2024-09-05T08:46:49+00:00\",\"breadcrumb\":{\"@id\":\"https:\\\/\\\/tvh.ee\\\/en\\\/management\\\/#breadcrumb\"},\"inLanguage\":\"en-US\",\"potentialAction\":[{\"@type\":\"ReadAction\",\"target\":[\"https:\\\/\\\/tvh.ee\\\/en\\\/management\\\/\"]}]},{\"@type\":\"BreadcrumbList\",\"@id\":\"https:\\\/\\\/tvh.ee\\\/en\\\/management\\\/#breadcrumb\",\"itemListElement\":[{\"@type\":\"ListItem\",\"position\":1,\"name\":\"Home\",\"item\":\"https:\\\/\\\/tvh.ee\\\/en\\\/\"},{\"@type\":\"ListItem\",\"position\":2,\"name\":\"Management\"}]},{\"@type\":\"WebSite\",\"@id\":\"https:\\\/\\\/tvh.ee\\\/en\\\/#website\",\"url\":\"https:\\\/\\\/tvh.ee\\\/en\\\/\",\"name\":\"Transpordi Varahaldus\",\"description\":\"\",\"potentialAction\":[{\"@type\":\"SearchAction\",\"target\":{\"@type\":\"EntryPoint\",\"urlTemplate\":\"https:\\\/\\\/tvh.ee\\\/en\\\/?s={search_term_string}\"},\"query-input\":{\"@type\":\"PropertyValueSpecification\",\"valueRequired\":true,\"valueName\":\"search_term_string\"}}],\"inLanguage\":\"en-US\"}]}<\/script>\n<!-- \/ Yoast SEO plugin. -->","yoast_head_json":{"title":"Management - Transpordi Varahaldus","robots":{"index":"index","follow":"follow","max-snippet":"max-snippet:-1","max-image-preview":"max-image-preview:large","max-video-preview":"max-video-preview:-1"},"canonical":"https:\/\/tvh.ee\/en\/management\/","og_locale":"en_US","og_type":"article","og_title":"Management - Transpordi Varahaldus","og_description":"[vc_row][vc_column][vc_empty_space][vc_column_text css=&#8221;&#8221;]The Company\u2019s Management Board consists of two persons &#8211; Ergo Blumfeldt and T\u00f5nis Tamme. The company\u2019s activities are planned, management is arranged for, and supervision over Management Board activities is exercised by a Supervisory Board consisting of the following...","og_url":"https:\/\/tvh.ee\/en\/management\/","og_site_name":"Transpordi Varahaldus","article_modified_time":"2024-09-05T08:46:49+00:00","twitter_card":"summary_large_image","twitter_misc":{"Est. reading time":"1 minute"},"schema":{"@context":"https:\/\/schema.org","@graph":[{"@type":"WebPage","@id":"https:\/\/tvh.ee\/en\/management\/","url":"https:\/\/tvh.ee\/en\/management\/","name":"Management - Transpordi Varahaldus","isPartOf":{"@id":"https:\/\/tvh.ee\/en\/#website"},"datePublished":"2017-10-25T11:23:55+00:00","dateModified":"2024-09-05T08:46:49+00:00","breadcrumb":{"@id":"https:\/\/tvh.ee\/en\/management\/#breadcrumb"},"inLanguage":"en-US","potentialAction":[{"@type":"ReadAction","target":["https:\/\/tvh.ee\/en\/management\/"]}]},{"@type":"BreadcrumbList","@id":"https:\/\/tvh.ee\/en\/management\/#breadcrumb","itemListElement":[{"@type":"ListItem","position":1,"name":"Home","item":"https:\/\/tvh.ee\/en\/"},{"@type":"ListItem","position":2,"name":"Management"}]},{"@type":"WebSite","@id":"https:\/\/tvh.ee\/en\/#website","url":"https:\/\/tvh.ee\/en\/","name":"Transpordi Varahaldus","description":"","potentialAction":[{"@type":"SearchAction","target":{"@type":"EntryPoint","urlTemplate":"https:\/\/tvh.ee\/en\/?s={search_term_string}"},"query-input":{"@type":"PropertyValueSpecification","valueRequired":true,"valueName":"search_term_string"}}],"inLanguage":"en-US"}]}},"_links":{"self":[{"href":"https:\/\/tvh.ee\/en\/wp-json\/wp\/v2\/pages\/1884","targetHints":{"allow":["GET"]}}],"collection":[{"href":"https:\/\/tvh.ee\/en\/wp-json\/wp\/v2\/pages"}],"about":[{"href":"https:\/\/tvh.ee\/en\/wp-json\/wp\/v2\/types\/page"}],"author":[{"embeddable":true,"href":"https:\/\/tvh.ee\/en\/wp-json\/wp\/v2\/users\/1"}],"replies":[{"embeddable":true,"href":"https:\/\/tvh.ee\/en\/wp-json\/wp\/v2\/comments?post=1884"}],"version-history":[{"count":6,"href":"https:\/\/tvh.ee\/en\/wp-json\/wp\/v2\/pages\/1884\/revisions"}],"predecessor-version":[{"id":2636,"href":"https:\/\/tvh.ee\/en\/wp-json\/wp\/v2\/pages\/1884\/revisions\/2636"}],"wp:attachment":[{"href":"https:\/\/tvh.ee\/en\/wp-json\/wp\/v2\/media?parent=1884"}],"curies":[{"name":"wp","href":"https:\/\/api.w.org\/{rel}","templated":true}]}}